{"id":200,"date":"2020-01-26T15:37:22","date_gmt":"2020-01-26T14:37:22","guid":{"rendered":"https:\/\/whisky-cigar-ambassador.de\/?page_id=200"},"modified":"2025-08-12T10:54:16","modified_gmt":"2025-08-12T09:54:16","slug":"curriculum-vitae","status":"publish","type":"page","link":"https:\/\/whisky-cigar-ambassador.de\/?page_id=200","title":{"rendered":"Curriculum Vitae"},"content":{"rendered":"\n<p>Master of Drinks &amp; Smoke &#8211; Dirk James Vetter<\/p>\n\n\n\n<p>Eigenes Unternehmen<\/p>\n\n\n\n<ul class=\"wp-block-list\">\n<li>seit August 2003 | Inhaber &amp; Specialist | WHISKY &amp; CIGAR AMBASSADOR<\/li>\n<\/ul>\n\n\n\n<p>Bar Management<\/p>\n\n\n\n<ul class=\"wp-block-list\">\n<li>seit Januar 2024 | Head Mixgologist &amp; Cigar Specialist | MARRIOTT &amp; SHERATON AIRPORT HOTEL FRANKFURT <\/li>\n\n\n\n<li>July 2022 &#8211; December 2023 | Bar &amp; Lounge Manager | THE WESTIN GRAND FRANKFURT<\/li>\n\n\n\n<li>Februar 2020 &#8211; December 2020 | Bar Manager | WELLNITZ CAFE &amp; BAR<\/li>\n\n\n\n<li>December 2014 &#8211; December 2019 | Inhaber &amp; Chef de Bar | MALTBAR<\/li>\n<\/ul>\n\n\n\n<p>Freelancer <\/p>\n\n\n\n<ul class=\"wp-block-list\">\n<li>seit April 2019 | Cigar Ambassador | SCANDINAVIAN TOBACCO GROUP<\/li>\n\n\n\n<li>seit August 2024 | Spirits Ambassador | SLYRS DISTILLERY<\/li>\n\n\n\n<li>April 2022 &#8211; July 2024 | Spirits Ambassador | LANTENHAMMER DISTILLERY<\/li>\n\n\n\n<li>Januar 2021 &#8211; December 2023 | Spirits Ambassador | SIERRA-MADRE GMBH<\/li>\n\n\n\n<li>July 2013 &#8211; August 2020 | Whisky Ambassador | WILLIAM GRANT &amp; SONS<\/li>\n\n\n\n<li>Februar 2012 &#8211; Februar 2022 | Teamleiter | HANSE SPIRIT<\/li>\n\n\n\n<li>September 2011 &#8211; August 2020 | Spirits Ambassador | CAMPARI GROUP<\/li>\n<\/ul>\n\n\n\n<p>Mitgliedschaften<\/p>\n\n\n\n<ul class=\"wp-block-list\">\n<li>seit 2022 | Jury Member Frankfurt International Trophy<\/li>\n\n\n\n<li>seit 2022 | Deutsche Barkeeper-Union &#8211; DBU <\/li>\n\n\n\n<li>seit 2011 | Spirituosen Experten Vereinigung &#8211; AMBASSADOR CLUB<\/li>\n<\/ul>\n\n\n<div class=\"wp-block-image\">\n<figure class=\"aligncenter size-large is-resized\"><img loading=\"lazy\" decoding=\"async\" width=\"1024\" height=\"1024\" src=\"https:\/\/whisky-cigar-ambassador.de\/wp-content\/uploads\/2023\/08\/IMG_20220710_105015a-1024x1024.jpg\" alt=\"\" class=\"wp-image-1503\" style=\"object-fit:contain;width:448px;height:512px\" srcset=\"https:\/\/whisky-cigar-ambassador.de\/wp-content\/uploads\/2023\/08\/IMG_20220710_105015a-1024x1024.jpg 1024w, https:\/\/whisky-cigar-ambassador.de\/wp-content\/uploads\/2023\/08\/IMG_20220710_105015a-300x300.jpg 300w, https:\/\/whisky-cigar-ambassador.de\/wp-content\/uploads\/2023\/08\/IMG_20220710_105015a-150x150.jpg 150w, https:\/\/whisky-cigar-ambassador.de\/wp-content\/uploads\/2023\/08\/IMG_20220710_105015a-768x768.jpg 768w, https:\/\/whisky-cigar-ambassador.de\/wp-content\/uploads\/2023\/08\/IMG_20220710_105015a-1536x1536.jpg 1536w, https:\/\/whisky-cigar-ambassador.de\/wp-content\/uploads\/2023\/08\/IMG_20220710_105015a-600x600.jpg 600w, https:\/\/whisky-cigar-ambassador.de\/wp-content\/uploads\/2023\/08\/IMG_20220710_105015a-100x100.jpg 100w, https:\/\/whisky-cigar-ambassador.de\/wp-content\/uploads\/2023\/08\/IMG_20220710_105015a-64x64.jpg 64w, https:\/\/whisky-cigar-ambassador.de\/wp-content\/uploads\/2023\/08\/IMG_20220710_105015a.jpg 1979w\" sizes=\"auto, (max-width: 1024px) 100vw, 1024px\" \/><\/figure><\/div>\n\n\n<p><strong>Scottish by nature <\/strong><\/p>\n\n\n\n<p>So k\u00f6nnte mein Lebensmotto lauten?! \u2013 Well, ein Teil auf jeden Fall, da meine Wurzel und meine Leidenschaft zum Whisk(e)y in Schottland liegen. Seit \u00fcber 25 Jahren besch\u00e4ftige ich mich mit dem Thema Whisk(e)y, seit dem Jahr 2003 beruflich. <\/p>\n\n\n\n<p>\u00dcber die Jahre hinweg, habe ich als Specialist f\u00fcr Spirituosen meinen Schwerpunkt im Bereich Whisk(e)y, Rum und Brandy gelegt. Daneben sind Cigars und Cocktails ein weiterer Bereich meiner T\u00e4tigkeit und Leidenschaft.<\/p>\n\n\n\n<p>Anfang 2022 habe ich mein Fachwissen im Bereich Sherry Weine vertieft und erweitert. Nach bestandener Pr\u00fcfung, am CONSEJO REGULADOR JEREZ, bin ich als Sherry Wine Specialist zertifiziert. <\/p>\n\n\n\n<p>Als unabh\u00e4ngiger Specialist arbeite ich f\u00fcr verschiedene Hersteller von Spirituosen und Zigarren. F\u00fcr diese Unternehmen bin als Fach-Referent \/ Ambassador t\u00e4tig; d. h. ich vertrete deren Marken auf Messen und halte Seminare f\u00fcr Endverbraucher &amp; Fachpersonal.  <\/p>\n\n\n\n<p>Ebenfalls war ich seit 2012, als Teamleiter der HANSE SPRIT in Hamburg, mitverantwortlich zum guten Gelingen der gr\u00f6\u00dften Messe f\u00fcr Spirituosen in Norddeutschland.<\/p>\n\n\n\n<p>Seit meinem ersten Tasting im Jahr 2003 habe ich \u00fcber 1200 Tastings und Seminare f\u00fcr Endverbraucher \/ Genie\u00dfer gehalten. Bei meinen Tastings lege ich besonderen Wert auf die interaktive Kommunikation in der Tasting-Gruppe, denn nichts ist langweiliger als ein Monolog des Referenten \ud83d\ude09<\/p>\n\n\n\n<p>Doch auch Mitarbeiter von Bars \/ Hotels k\u00f6nnen ihr Fachwissen im Bereich Spirituosen \/ Cigars \/ Foodpairing in meinen Master Classes vertiefen. Die Master Classes sind Seminare \/ Schulungen, welche dazu dienen sich im t\u00e4glichen gastronomischen Gesch\u00e4ft von der Masse abzuheben und stets dem Gast etwas Besonders anbieten zu k\u00f6nnen. Dazu z\u00e4hlt Fachwissen und Begeisterung f\u00fcr das Produkt.<\/p>\n\n\n\n<p>Alle angebotenen Seminare und Master Classes richten sich ausschlie\u00dflich an Vollj\u00e4hrige Personen und sollen zum sorgf\u00e4ltigen Umgang mit Spirituosen \/ Zigarren beitragen. Denn Genuss ist stets im Einklang mit Spa\u00df und Fachwissen.<\/p>\n\n\n<div class=\"wp-block-image\">\n<figure class=\"aligncenter size-large is-resized\"><img loading=\"lazy\" decoding=\"async\" width=\"866\" height=\"1024\" src=\"https:\/\/whisky-cigar-ambassador.de\/wp-content\/uploads\/2022\/05\/james5-866x1024.jpg\" alt=\"\" class=\"wp-image-1308\" style=\"object-fit:contain;width:433px;height:512px\" srcset=\"https:\/\/whisky-cigar-ambassador.de\/wp-content\/uploads\/2022\/05\/james5-866x1024.jpg 866w, https:\/\/whisky-cigar-ambassador.de\/wp-content\/uploads\/2022\/05\/james5-254x300.jpg 254w, https:\/\/whisky-cigar-ambassador.de\/wp-content\/uploads\/2022\/05\/james5-768x908.jpg 768w, https:\/\/whisky-cigar-ambassador.de\/wp-content\/uploads\/2022\/05\/james5-1299x1536.jpg 1299w, https:\/\/whisky-cigar-ambassador.de\/wp-content\/uploads\/2022\/05\/james5-1732x2048.jpg 1732w, https:\/\/whisky-cigar-ambassador.de\/wp-content\/uploads\/2022\/05\/james5-1140x1348.jpg 1140w, https:\/\/whisky-cigar-ambassador.de\/wp-content\/uploads\/2022\/05\/james5-600x709.jpg 600w, https:\/\/whisky-cigar-ambassador.de\/wp-content\/uploads\/2022\/05\/james5-64x76.jpg 64w\" sizes=\"auto, (max-width: 866px) 100vw, 866px\" \/><\/figure><\/div>\n\n\n<p>Wie ich bereits erw\u00e4hnte z\u00e4hlen Cigars und Cocktails ebenfalls zu meinen Leidenschaften. <\/p>\n\n\n\n<p>Cigars sind wie alle bereits aufgef\u00fchrten Dinge auch Genussmittel und tragen somit zum Verw\u00f6hnen der Sinne und des Gaumens bei. In meinen Tastings habe ich immer unterschiedliche Formate und Qualit\u00e4ten von Cigars dabei. Diese sind auf die jeweiligen Spirituosen \/ Cocktails abgestimmt.<\/p>\n\n\n\n<p>Ich selbst habe eine Schw\u00e4che f\u00fcr dunkle und kr\u00e4ftige Tabake aus Nicaragua und der Dominikanischen Republik. Mein liebstes Cigar Format ist eine Robosto mit einem meist 60 min\u00fctigen Rauchvergn\u00fcgen. <\/p>\n\n\n\n<p>Das Thema Cocktails ist bei mir nicht nur der Genuss, sondern speziell deren kreativen Ausarbeitung. Als Chef de Bar und Mixologe besch\u00e4ftige ich mich regelm\u00e4\u00dfig mit Cocktails: Ich verbinde klassische Drinks mit einem modernem Touch, liebe Smoky Drinks und habe in den letzten Jahren viele eigene Cocktails kreiert und bin f\u00fcr deren Qualit\u00e4t mehrfach vom FALSTAFF MAGAZIN ausgezeichnet worden. <\/p>\n\n\n\n<p>Cocktails k\u00f6nnen aber nicht nur als Solisten genossen werden, auch in Kombination mit einer guten Cigar, kann man Drinks genie\u00dfen. Hierf\u00fcr entwickle ich regelm\u00e4\u00dfig neue Cocktails, die auf die Aromen der Cigar abgestimmt sind.<\/p>\n\n\n\n<p>Als extrem spannend finde ich das Thema der Cask Aged Cocktails, da die Reifung in Holzf\u00e4ssern der Geschmack der Cocktails stark beeinflusst. Hierbei experimentiere ich vornehmlich mit 3 &amp; 5 Liter Virgin American Oak Casks. Die Cask Aged Cocktails sind fester Bestandteil meiner Cocktail Events.<\/p>\n\n\n<div class=\"wp-block-image\">\n<figure class=\"aligncenter size-large is-resized\"><img loading=\"lazy\" decoding=\"async\" width=\"1024\" height=\"1024\" src=\"https:\/\/whisky-cigar-ambassador.de\/wp-content\/uploads\/2023\/08\/IMG_20221005_022727_edit_99714327161346-1024x1024.jpg\" alt=\"\" class=\"wp-image-1511\" style=\"object-fit:contain;width:512px;height:512px\" srcset=\"https:\/\/whisky-cigar-ambassador.de\/wp-content\/uploads\/2023\/08\/IMG_20221005_022727_edit_99714327161346-1024x1024.jpg 1024w, https:\/\/whisky-cigar-ambassador.de\/wp-content\/uploads\/2023\/08\/IMG_20221005_022727_edit_99714327161346-300x300.jpg 300w, https:\/\/whisky-cigar-ambassador.de\/wp-content\/uploads\/2023\/08\/IMG_20221005_022727_edit_99714327161346-150x150.jpg 150w, https:\/\/whisky-cigar-ambassador.de\/wp-content\/uploads\/2023\/08\/IMG_20221005_022727_edit_99714327161346-768x768.jpg 768w, https:\/\/whisky-cigar-ambassador.de\/wp-content\/uploads\/2023\/08\/IMG_20221005_022727_edit_99714327161346-1536x1536.jpg 1536w, https:\/\/whisky-cigar-ambassador.de\/wp-content\/uploads\/2023\/08\/IMG_20221005_022727_edit_99714327161346-600x600.jpg 600w, https:\/\/whisky-cigar-ambassador.de\/wp-content\/uploads\/2023\/08\/IMG_20221005_022727_edit_99714327161346-100x100.jpg 100w, https:\/\/whisky-cigar-ambassador.de\/wp-content\/uploads\/2023\/08\/IMG_20221005_022727_edit_99714327161346-64x64.jpg 64w, https:\/\/whisky-cigar-ambassador.de\/wp-content\/uploads\/2023\/08\/IMG_20221005_022727_edit_99714327161346.jpg 1890w\" sizes=\"auto, (max-width: 1024px) 100vw, 1024px\" \/><\/figure><\/div>\n\n\n<p>Doch mein Leben besteht nicht nur aus dieser \u201cBerufung\u201d \u2013  ich habe auch ein Privatleben und darin ist Genuss mit allen Sinnen ebenfalls ein wichtiger Punkt. Ich liebe Oper, Theater, Jazz, Sing &amp; Soul Music, Koche sehr gerne \u2013 am liebsten mit Freunden und meiner \u201cBesseren H\u00e4lfte\u201d zusammen. Etwas Sport darf es auch sein in Form von Badminton, Radfahren und Inline-Skaten. <\/p>\n\n\n\n<p>Wer noch mehr \u00fcber mich erfahren m\u00f6chte der kann nat\u00fcrlich auch gern via <a rel=\"noreferrer noopener\" href=\"https:\/\/www.instagram.com\/dirkjamesvetter\/\" target=\"_blank\">Instagram<\/a> &amp; <a rel=\"noreferrer noopener\" href=\"https:\/\/www.facebook.com\/dirkjamesvetter\" target=\"_blank\">Facebook<\/a> einen Blick in mein Leben \u201cwerfen\u201d \u2013 ich freue mich auf neue Follower und nette neue Bekanntschaften.<\/p>\n\n\n\n<p>Ihr\/Euer<\/p>\n\n\n\n<p>Dirk James<\/p>\n","protected":false},"excerpt":{"rendered":"<p>Master of Drinks &amp; Smoke &#8211; Dirk James Vetter Eigenes Unternehmen Bar Management Freelancer Mitgliedschaften Scottish by nature So k\u00f6nnte mein Lebensmotto lauten?! \u2013 Well, ein Teil auf jeden Fall, da meine Wurzel und meine Leidenschaft zum Whisk(e)y in Schottland liegen. Seit \u00fcber 25 Jahren besch\u00e4ftige ich mich mit dem Thema Whisk(e)y, seit dem Jahr [&hellip;]<\/p>\n","protected":false},"author":1,"featured_media":0,"parent":0,"menu_order":0,"comment_status":"closed","ping_status":"closed","template":"","meta":{"footnotes":""},"class_list":["post-200","page","type-page","status-publish","hentry"],"_links":{"self":[{"href":"https:\/\/whisky-cigar-ambassador.de\/index.php?rest_route=\/wp\/v2\/pages\/200","targetHints":{"allow":["GET"]}}],"collection":[{"href":"https:\/\/whisky-cigar-ambassador.de\/index.php?rest_route=\/wp\/v2\/pages"}],"about":[{"href":"https:\/\/whisky-cigar-ambassador.de\/index.php?rest_route=\/wp\/v2\/types\/page"}],"author":[{"embeddable":true,"href":"https:\/\/whisky-cigar-ambassador.de\/index.php?rest_route=\/wp\/v2\/users\/1"}],"replies":[{"embeddable":true,"href":"https:\/\/whisky-cigar-ambassador.de\/index.php?rest_route=%2Fwp%2Fv2%2Fcomments&post=200"}],"version-history":[{"count":63,"href":"https:\/\/whisky-cigar-ambassador.de\/index.php?rest_route=\/wp\/v2\/pages\/200\/revisions"}],"predecessor-version":[{"id":1534,"href":"https:\/\/whisky-cigar-ambassador.de\/index.php?rest_route=\/wp\/v2\/pages\/200\/revisions\/1534"}],"wp:attachment":[{"href":"https:\/\/whisky-cigar-ambassador.de\/index.php?rest_route=%2Fwp%2Fv2%2Fmedia&parent=200"}],"curies":[{"name":"wp","href":"https:\/\/api.w.org\/{rel}","templated":true}]}}