{"id":212,"date":"2020-01-26T16:32:45","date_gmt":"2020-01-26T15:32:45","guid":{"rendered":"https:\/\/whisky-cigar-ambassador.de\/?page_id=212"},"modified":"2023-08-22T15:45:58","modified_gmt":"2023-08-22T14:45:58","slug":"tastings-seminare","status":"publish","type":"page","link":"https:\/\/whisky-cigar-ambassador.de\/?page_id=212","title":{"rendered":"Education &#038; Consulting"},"content":{"rendered":"\n<p>&#8220;<strong>Spirituosen &amp; Zigarren sind ein Genussmittel&#8221;<\/strong> <\/p>\n\n\n\n<div class=\"wp-block-group\"><div class=\"wp-block-group__inner-container is-layout-flow wp-block-group-is-layout-flow\">\n<p>Dies ist meine Philosophie seit ich beides genie\u00dfe. Seit \u00fcber 20 Jahren bin ich in meinem Berufsfeld als Educator und Mixologist t\u00e4tig und habe ein fundiertes Fachwissen.  <\/p>\n\n\n\n<p>Im Bereich Education gebe ich Spirituosen &amp; Zigarren Seminare f\u00fcr Fachh\u00e4ndler &amp; Bartender. Dabei geht es nicht nur um die Vermittlung des Fachwissens an die Teilnehmer, sondern auch um den richtigen Umgang mit Spirituosen &amp; Zigarren, gerade im Hinblick auf Gastronomie, sowie die Leidenschaft f\u00fcr diese Produkte zu wecken. &#8211; Denn mit Leidenschaft kann man stets besser am Gast (Kunden) agieren.<\/p>\n\n\n\n<p>Daneben biete ich auch Seminare\/Tastings f\u00fcr Endverbraucher, im Auftrag meiner Klienten an. Auch in diesen Tastings geht es stehts um die Leidenschaft zu den Produkten und die Teilnehmer mit auf eine Reise ins &#8220;Land des Genusses&#8221; zu nehmen.<\/p>\n\n\n<div class=\"wp-block-image\">\n<figure class=\"aligncenter size-large\"><img loading=\"lazy\" decoding=\"async\" width=\"768\" height=\"1024\" src=\"https:\/\/whisky-cigar-ambassador.de\/wp-content\/uploads\/2020\/11\/IMG_20191213_214844-768x1024.jpg\" alt=\"\" class=\"wp-image-366\" style=\"aspect-ratio:4\/3;object-fit:contain\" srcset=\"https:\/\/whisky-cigar-ambassador.de\/wp-content\/uploads\/2020\/11\/IMG_20191213_214844-768x1024.jpg 768w, https:\/\/whisky-cigar-ambassador.de\/wp-content\/uploads\/2020\/11\/IMG_20191213_214844-225x300.jpg 225w, https:\/\/whisky-cigar-ambassador.de\/wp-content\/uploads\/2020\/11\/IMG_20191213_214844-1152x1536.jpg 1152w, https:\/\/whisky-cigar-ambassador.de\/wp-content\/uploads\/2020\/11\/IMG_20191213_214844-1536x2048.jpg 1536w, https:\/\/whisky-cigar-ambassador.de\/wp-content\/uploads\/2020\/11\/IMG_20191213_214844-1140x1520.jpg 1140w, https:\/\/whisky-cigar-ambassador.de\/wp-content\/uploads\/2020\/11\/IMG_20191213_214844-600x800.jpg 600w, https:\/\/whisky-cigar-ambassador.de\/wp-content\/uploads\/2020\/11\/IMG_20191213_214844-64x85.jpg 64w, https:\/\/whisky-cigar-ambassador.de\/wp-content\/uploads\/2020\/11\/IMG_20191213_214844-scaled.jpg 1920w\" sizes=\"auto, (max-width: 768px) 100vw, 768px\" \/><\/figure><\/div>\n\n\n<p>Als Spirituosen Experte gebe ich Seminare in den Themen Whisky, Rum, Brandy, Mezcal, Tequila, Edelbr\u00e4nde &#8211; sowie Sherry und Champagner.<\/p>\n\n\n\n<p>Da meine Leidenschaft und Expertise nicht nur den Spirituosen geh\u00f6rt, sondern auch dem Tabak und damit den Zigarren, gebe ich auch in diesem Bereich Seminare \/ Tastings.  Im Bereich der Zigarren bin ich seit vielen Jahren f\u00fcr die Scandinavian Tobacco Group als Cigar Ambassador t\u00e4tig und betreue hier die Marken u.a. von Balmoral, Macanudo, CAO, Drew Estate und San Pedro de Macoris.<\/p>\n\n\n\n<figure class=\"wp-block-image size-large\"><img loading=\"lazy\" decoding=\"async\" width=\"1024\" height=\"1024\" src=\"https:\/\/whisky-cigar-ambassador.de\/wp-content\/uploads\/2023\/08\/IMG_20220625_233040-1024x1024.jpg\" alt=\"\" class=\"wp-image-1523\" style=\"aspect-ratio:4\/3;object-fit:contain\" srcset=\"https:\/\/whisky-cigar-ambassador.de\/wp-content\/uploads\/2023\/08\/IMG_20220625_233040-1024x1024.jpg 1024w, https:\/\/whisky-cigar-ambassador.de\/wp-content\/uploads\/2023\/08\/IMG_20220625_233040-300x300.jpg 300w, https:\/\/whisky-cigar-ambassador.de\/wp-content\/uploads\/2023\/08\/IMG_20220625_233040-150x150.jpg 150w, https:\/\/whisky-cigar-ambassador.de\/wp-content\/uploads\/2023\/08\/IMG_20220625_233040-768x768.jpg 768w, https:\/\/whisky-cigar-ambassador.de\/wp-content\/uploads\/2023\/08\/IMG_20220625_233040-1536x1536.jpg 1536w, https:\/\/whisky-cigar-ambassador.de\/wp-content\/uploads\/2023\/08\/IMG_20220625_233040-2048x2048.jpg 2048w, https:\/\/whisky-cigar-ambassador.de\/wp-content\/uploads\/2023\/08\/IMG_20220625_233040-600x600.jpg 600w, https:\/\/whisky-cigar-ambassador.de\/wp-content\/uploads\/2023\/08\/IMG_20220625_233040-100x100.jpg 100w, https:\/\/whisky-cigar-ambassador.de\/wp-content\/uploads\/2023\/08\/IMG_20220625_233040-64x64.jpg 64w\" sizes=\"auto, (max-width: 1024px) 100vw, 1024px\" \/><\/figure>\n\n\n\n<p>Neben der Education steht f\u00fcr mich das Consulting. Hierbei bin ich als Ambassador f\u00fcr verschiedene Hersteller &amp; Importeure auf Fachmessen unterwegs, um deren Produkte zu vermarkten und zu pr\u00e4sentieren. Portfolioberatung f\u00fcr Spirituosen &amp; Zigarren im Handel und Gastronomie sind ebenfalls ein Teil meiner T\u00e4tigkeit.      <\/p>\n\n\n\n<p>Mixology ist ein weiteres Feld meiner beruflichen T\u00e4tigkeit, als aktiver Bar Manager trainiere ich Bartender und Servicemitarbeiter in den jeweiligen Bereichen. Die Arbeit an der Bar ist sehr vielseitig und begr\u00fcndet sich auf einem umfangreichen Fachwissen der einzelnen Komponenten, sowie deren Verarbeitungsm\u00f6glichkeiten. <\/p>\n\n\n\n<p>Das Kreieren neuer Cocktails ist immer ein Spiel der Aromen und macht mit dem richtigen Fachwissen dahinter eine menge Spa\u00df &#8211; dies gebe ich meinen Seminarteilnehmern stets mit auf dem Weg.<\/p>\n\n\n\n<p><\/p>\n<\/div><\/div>\n","protected":false},"excerpt":{"rendered":"<p>&#8220;Spirituosen &amp; Zigarren sind ein Genussmittel&#8221; Dies ist meine Philosophie seit ich beides genie\u00dfe. Seit \u00fcber 20 Jahren bin ich in meinem Berufsfeld als Educator und Mixologist t\u00e4tig und habe ein fundiertes Fachwissen. Im Bereich Education gebe ich Spirituosen &amp; Zigarren Seminare f\u00fcr Fachh\u00e4ndler &amp; Bartender. Dabei geht es nicht nur um die Vermittlung des [&hellip;]<\/p>\n","protected":false},"author":1,"featured_media":0,"parent":0,"menu_order":0,"comment_status":"closed","ping_status":"closed","template":"","meta":{"footnotes":""},"class_list":["post-212","page","type-page","status-publish","hentry"],"_links":{"self":[{"href":"https:\/\/whisky-cigar-ambassador.de\/index.php?rest_route=\/wp\/v2\/pages\/212","targetHints":{"allow":["GET"]}}],"collection":[{"href":"https:\/\/whisky-cigar-ambassador.de\/index.php?rest_route=\/wp\/v2\/pages"}],"about":[{"href":"https:\/\/whisky-cigar-ambassador.de\/index.php?rest_route=\/wp\/v2\/types\/page"}],"author":[{"embeddable":true,"href":"https:\/\/whisky-cigar-ambassador.de\/index.php?rest_route=\/wp\/v2\/users\/1"}],"replies":[{"embeddable":true,"href":"https:\/\/whisky-cigar-ambassador.de\/index.php?rest_route=%2Fwp%2Fv2%2Fcomments&post=212"}],"version-history":[{"count":129,"href":"https:\/\/whisky-cigar-ambassador.de\/index.php?rest_route=\/wp\/v2\/pages\/212\/revisions"}],"predecessor-version":[{"id":1524,"href":"https:\/\/whisky-cigar-ambassador.de\/index.php?rest_route=\/wp\/v2\/pages\/212\/revisions\/1524"}],"wp:attachment":[{"href":"https:\/\/whisky-cigar-ambassador.de\/index.php?rest_route=%2Fwp%2Fv2%2Fmedia&parent=212"}],"curies":[{"name":"wp","href":"https:\/\/api.w.org\/{rel}","templated":true}]}}