{"id":240,"date":"2020-01-26T17:32:16","date_gmt":"2020-01-26T16:32:16","guid":{"rendered":"https:\/\/whisky-cigar-ambassador.de\/?page_id=240"},"modified":"2025-08-12T10:51:16","modified_gmt":"2025-08-12T09:51:16","slug":"impressumg","status":"publish","type":"page","link":"https:\/\/whisky-cigar-ambassador.de\/?page_id=240","title":{"rendered":"Impressum"},"content":{"rendered":"\n<p><strong>Verantwortlichkeit &amp; Web-Design <br>Dirk James Vetter <\/strong> <br>Master of Drinks &amp; Smoke  <br> &#8211; <br>Whisky &amp; Cigar Ambassador <br>Education &amp; Consulting in Spirits &amp; Cigars <br> <br><strong>Amtlich<\/strong> <br>Finanzamt Darmstadt <br>Steuernummer: 007 887 81500 <br>Umsatzsteuer-ID: DE278928484 <\/p>\n\n\n\n<p>Zentrales Verpackungsregister: DE5520496788370<\/p>\n\n\n\n<p><br><strong>Kontakt<\/strong> <br><em>Anschrift<\/em> <br>        Mirjam-Pressler-Stra\u00dfe 9 <br>        64289 Darmstadt <br><em> Telefon <\/em><br>        0 61 51 \/ 97 14 165 <br><em> E-Mail <\/em><br>        education (at) whisky-cigar-ambassador.de <br> <br><strong>letztes Update<\/strong> <br>12 August 2025 <\/p>\n\n\n\n<p><strong>Haftung f\u00fcr Inhalte<\/strong><br> Die Inhalte unserer Seiten wurden mit gr\u00f6\u00dfter Sorgfalt erstellt. F\u00fcr die Richtigkeit, Vollst\u00e4ndigkeit und Aktualit\u00e4t der Inhalte k\u00f6nnen wir jedoch keine Gew\u00e4hr \u00fcbernehmen. Als Diensteanbieter sind wir gem\u00e4\u00df \u00a7 7 Abs.1 TMG f\u00fcr eigene Inhalte auf diesen Seiten nach den allgemeinen Gesetzen verantwortlich. Nach \u00a7\u00a7 8 bis 10 TMG sind wir als Diensteanbieter jedoch nicht verpflichtet, \u00fcbermittelte oder gespeicherte fremde Informationen zu \u00fcberwachen oder nach umst\u00e4nden zu forschen, die auf eine rechtswidrige T\u00e4tigkeit hinweisen. Verpflichtungen zur Entfernung oder Sperrung der Nutzung von Informationen nach den allgemeinen gesetzen bleiben hiervon unber\u00fchrt. Eine diesbez\u00fcgliche Haftung ist jedoch erst ab dem Zeitpunkt der Kenntnis einer konkreten Rechtsverletzung m\u00f6glich. Bei Bekanntwerden von entsprechenden Rechtsverletzungen werden wir diese Inhalte umgehend entfernen. <\/p>\n\n\n\n<p><strong>Haftung f\u00fcr Links<\/strong><br>\nUnser Angebot enth\u00e4lt Links zu externen Webseiten dritter, auf deren Inhalte\nwir keinen Einfluss haben. Deshalb k\u00f6nnen wir f\u00fcr diese fremden Inhalte auch\nkeine Gew\u00e4hr \u00fcbernehmen. F\u00fcr die Inhalte der verlinkten Seiten ist stets der\njeweilige Anbieter oder Betreiber der Seiten verantwortlich. Die verlinkten\nSeiten wurden zum Zeitpunkt der Verlinkung auf m\u00f6gliche Rechtsverst\u00f6\u00dfe\n\u00fcberpr\u00fcft. Rechtswidrige Inhalte waren zum Zeitpunkt der Verlinkung nicht\nerkennbar. Eine permanente inhaltliche Kontrolle der verlinkten Seiten ist\njedoch ohne konkrete Anhaltspunkte einer Rechtsverletzung nicht zumutbar. Bei\nBekanntwerden von Rechtsverletzungen werden wir derartige Links umgehend\nentfernen. <\/p>\n\n\n\n<p><strong>Urheberrecht<\/strong><strong> <\/strong><br>\nDie durch die Seitenbetreiber erstellten Inhalte und Werke auf diesen Seiten\nunterliegen dem deutschen Urheberrecht. Die Vervielf\u00e4ltigung, Bearbeitung,\nVerbreitung und jede Art der Verwertung au\u00dferhalb der Grenzen des\nUrheberrechtes bed\u00fcrfen der schriftlichen Zustimmung des jeweiligen Autors bzw.\nErstellers. Downloads und Kopien dieser Seite sind nur f\u00fcr den privaten, nicht\nkommerziellen Gebrauch gestattet. Soweit die Inhalte auf dieser Seite nicht vom\nBetreiber erstellt wurden, werden die Urheberrechte dritter beachtet.\nInsbesondere werden Inhalte dritter als solche gekennzeichnet. Sollten sie\ntrotzdem auf eine Urheberrechtsverletzung aufmerksam werden, bitten wir um\neinen entsprechenden Hinweis. Bei Bekanntwerden von Rechtsverletzungen werden\nwir derartige Inhalte umgehend entfernen. <\/p>\n\n\n\n<p><strong>Datenschutz<\/strong><br>\nDie Nutzung unserer webseite ist in der regel ohne Angabe personenbezogener\nDaten m\u00f6glich. Soweit auf unseren Seiten personenbezogene Daten (beispielsweise\nName, Anschrift oder E-mail-Adressen) erhoben werden, erfolgt dies, soweit\nm\u00f6glich, stets auf freiwilliger Basis. Diese daten werden ohne Ihre\nausdr\u00fcckliche Zustimmung nicht an dritte weitergegeben. Wir weisen darauf hin,\ndass die Daten\u00fcbertragung im Internet (z.b. bei der Kommunikation per E-mail)\nsicherheitsl\u00fccken aufweisen kann. Ein l\u00fcckenloser Schutz der Daten vor dem\nZugriff durch dritte ist nicht m\u00f6glich. Der Nutzung von im Rahmen der\nImpressumspflicht ver\u00f6ffentlichten Kontaktdaten durch dritte zur \u00fcbersendung\nvon nicht ausdr\u00fccklich angeforderter Werbung und Informationsmaterialien wird\nhiermit ausdr\u00fccklich widersprochen. Die Betreiber der Seiten behalten sich\nausdr\u00fccklich rechtliche Schritte im Falle der unverlangten Zusendung von\nWerbeinformationen, etwa durch Spam-Mails, vor. <\/p>\n\n\n\n<p>Quelle: <a href=\"http:\/\/www.e-recht24.de\/muster-disclaimer.htm\" target=\"_blank\" rel=\"noreferrer noopener\">Disclaimer<\/a>\nvon Rechtsanwalt S\u00f6ren Siebert <\/p>\n","protected":false},"excerpt":{"rendered":"<p>Verantwortlichkeit &amp; Web-Design Dirk James Vetter Master of Drinks &amp; Smoke &#8211; Whisky &amp; Cigar Ambassador Education &amp; Consulting in Spirits &amp; Cigars Amtlich Finanzamt Darmstadt Steuernummer: 007 887 81500 Umsatzsteuer-ID: DE278928484 Zentrales Verpackungsregister: DE5520496788370 Kontakt Anschrift Mirjam-Pressler-Stra\u00dfe 9 64289 Darmstadt Telefon 0 61 51 \/ 97 14 165 E-Mail education (at) whisky-cigar-ambassador.de letztes Update [&hellip;]<\/p>\n","protected":false},"author":1,"featured_media":0,"parent":0,"menu_order":0,"comment_status":"closed","ping_status":"closed","template":"","meta":{"footnotes":""},"class_list":["post-240","page","type-page","status-publish","hentry"],"_links":{"self":[{"href":"https:\/\/whisky-cigar-ambassador.de\/index.php?rest_route=\/wp\/v2\/pages\/240","targetHints":{"allow":["GET"]}}],"collection":[{"href":"https:\/\/whisky-cigar-ambassador.de\/index.php?rest_route=\/wp\/v2\/pages"}],"about":[{"href":"https:\/\/whisky-cigar-ambassador.de\/index.php?rest_route=\/wp\/v2\/types\/page"}],"author":[{"embeddable":true,"href":"https:\/\/whisky-cigar-ambassador.de\/index.php?rest_route=\/wp\/v2\/users\/1"}],"replies":[{"embeddable":true,"href":"https:\/\/whisky-cigar-ambassador.de\/index.php?rest_route=%2Fwp%2Fv2%2Fcomments&post=240"}],"version-history":[{"count":97,"href":"https:\/\/whisky-cigar-ambassador.de\/index.php?rest_route=\/wp\/v2\/pages\/240\/revisions"}],"predecessor-version":[{"id":1532,"href":"https:\/\/whisky-cigar-ambassador.de\/index.php?rest_route=\/wp\/v2\/pages\/240\/revisions\/1532"}],"wp:attachment":[{"href":"https:\/\/whisky-cigar-ambassador.de\/index.php?rest_route=%2Fwp%2Fv2%2Fmedia&parent=240"}],"curies":[{"name":"wp","href":"https:\/\/api.w.org\/{rel}","templated":true}]}}