{"id":249,"date":"2020-01-26T17:46:39","date_gmt":"2020-01-26T16:46:39","guid":{"rendered":"https:\/\/whisky-cigar-ambassador.de\/?page_id=249"},"modified":"2022-02-23T08:46:59","modified_gmt":"2022-02-23T07:46:59","slug":"agb","status":"publish","type":"page","link":"https:\/\/whisky-cigar-ambassador.de\/?page_id=249","title":{"rendered":"AGB"},"content":{"rendered":"\n<p><strong>Buchungs- &amp; Gesch\u00e4ftsbedingungen<\/strong><\/p>\n\n\n\n<p><strong>\u00a71 Allgemeines<\/strong><\/p>\n\n\n\n<p>Die Leistungen und Angebote von<em> Whisky &amp; Cigar Ambassador by Dirk James Vetter <\/em>erfolgen\nausschlie\u00dflich auf Grundlage dieser Bedingungen. Diese gelten somit auch f\u00fcr\nalle k\u00fcnftigen Gesch\u00e4ftsbeziehungen , auch wenn sie nicht nochmals ausdr\u00fccklich\nvereinbart werden. Die \u201cAllgemeinen Gesch\u00e4ftsbedingungen\u201d gelten mit der Abgabe\neines Angebotes durch <em>Whisky &amp; Cigar Ambassador by Dirk James\nVetter<\/em> und\/oder der Beauftragung einer Leistung von <em>Whisky &amp; Cigar Ambassador by Dirk James Vetter<\/em>\ndurch den Kunden (Veranstalter \/ Teilnehmer) als angenommen.<\/p>\n\n\n\n<p><strong>\u00a72 Angebotsabgabe<\/strong><\/p>\n\n\n\n<p>Alle Angebote von <em>Whisky &amp; Cigar Ambassador\nby Dirk James Vetter<\/em> sind freibleibend und unverbindlich, dies gilt\ninsbesondere f\u00fcr in Prospekte, Flyern und auf Internetportalen beworbene\nAngebote. An individuell ausgearbeiteten Angeboten ist, sofern nichts anderes\nvereinbart, <em>Whisky &amp; Cigar Ambassador by Dirk James Vetter<\/em> 14\nTage nach Abgabe des Angebotes gebunden. Sobald der Kunde das Angebot innerhalb\nder vorgenannten Frist annimmt, haben die darin vereinbarten Preise und\nLeistungen G\u00fcltigkeit bis einschlie\u00dflich zum Veranstaltungstermin.<\/p>\n\n\n\n<p><strong>\u00a73 Vertragsabschluss<\/strong><\/p>\n\n\n\n<p>a) F\u00fcr einen Vertragsabschluss m\u00fcssen <em>Whisky &amp; Cigar Ambassador by Dirk James Vetter<\/em> und\nKunde eine einvernehmliche Willenserkl\u00e4rung abgeben, dies geschieht durch die\nUnterzeichnung des Veranstaltungsvertrages zwischen den beiden vorgenannten\nPartien, auf Basis des voran gegangenen Angebotes durch <em>Whisky &amp; Cigar Ambassador by Dirk James Vetter<\/em>.\nAlle Vertr\u00e4ge werden schriftlich formuliert und ausgefertigt, dies kann in Form\neines unterzeichenbaren PDF Dokuments erfolgen.<\/p>\n\n\n\n<p>b) F\u00fcr Einzelbuchungen bei den \u00f6ffentlich buchbaren\nTastings von <em>Whisky &amp; Cigar Ambassador by Dirk James Vetter<\/em>\nkommt der Vertragsabschluss mit der Bezahlung des Teilnehmerbetrages f\u00fcr das\njeweils gebuchte Tasting zustande.<\/p>\n\n\n\n<p><strong>\u00a74 Preise<\/strong><\/p>\n\n\n\n<p>a) Alle ausgeschriebenen Preise in EURO angegeben und\nbasieren auf den tats\u00e4chlichen Kosten zum Zeitpunkt des jeweiligen Angebotes.\nSollten sich die Kosten bis zum Zeitpunkt der Veranstaltung ver\u00e4ndern, so ist <em>Whisky &amp; Cigar Ambassador by Dirk James Vetter<\/em>\nberechtigt, die Preise entsprechend anzupassen.<\/p>\n\n\n\n<p>b) Alle Preise f\u00fcr Veranstalter sind Nettopreise! <em>Whisky &amp; Cigar Ambassador by Dirk James Vetter<\/em> stellt jeweils eine ordentliche Rechnung zu allen Veranstaltungen aus, welche die jeweils g\u00fcltige MwSt enth\u00e4lt. <\/p>\n\n\n\n<p>c) Bei Einzelbuchungen f\u00fcr Tasting Teilnehmer, ist der jeweils ausgeschriebene Preis der Bruttopreis! Auf den Tasting Rechnungen wird die jeweils g\u00fcltige MwSt ausgewiesen.<\/p>\n\n\n\n<p>d) Sollte sich innerhalb der Angebotszeit und\/oder der Vertragszeit die MwSt \u00e4ndern, so wird dies automatisch angepasst, wodurch sich Preise auf Basis der gesetzlichen Grundlage (Steuergesetz) dann ver\u00e4ndern k\u00f6nnen\/ ver\u00e4ndert werden.<\/p>\n\n\n\n<p><strong>\u00a75 Buchungsbedigungen<\/strong><\/p>\n\n\n\n<p>a) Die Beauftragung von <em>Whisky &amp; Cigar Ambassador\nby Dirk James Vetter<\/em> als Fachreferent f\u00fcr Veranstaltungen erfolgt in\nschriftlicher Form durch den Veranstalter. Grundlage f\u00fcr den Vertrag ist das\nvorangegangene Angebot seitens <em>Whisky &amp; Cigar Ambassador\nby Dirk James Vetter<\/em>.<\/p>\n\n\n\n<p>b) Buchungen durch Einzelne Personen (Teilnehmer) der von <em>Whisky &amp; Cigar Ambassador by Dirk James Vetter<\/em> angebotenen Tastings erfolgt <strong><em>ausschlie\u00dflich online<\/em><\/strong> \u00fcber die Webseite<a href=\"https:\/\/whisky-cigar-ambassador.de\/?page_id=194\"> www.whisky-cigar-ambassador.de<\/a>. Jede Buchung wird einzeln erfasst und f\u00fcr die Abl\u00e4ufe der Buchung und Rechnungsstellung\/Ticketing gespeichert. Die hierf\u00fcr personenbezogenen Daten werden nach DSGVO behandelt und gepflegt.<\/p>\n\n\n\n<p>c) <em>Whisky &amp; Cigar Ambassador\nby Dirk James Vetter<\/em> weist ausdr\u00fccklich darauf hin, dass\nausschlie\u00dflich Personen ab 18 Jahren Tastings buchen und daran teilnehmen\nk\u00f6nnen. Sollte dies wieder erwartend nicht ber\u00fccksichtig werden, so werden\ndiese Teilnehmer vom Tasting ausgeschlossen und es erfolgt in diesem Fall keine\nErstattung des Teilnehmerbetrages.<\/p>\n\n\n\n<p>d) <em>Whisky &amp; Cigar Ambassador\nby Dirk James Vetter<\/em> beh\u00e4lt sich das Recht vor die n\u00f6tigen\nAusweispapiere der Teilnehmer zu kontrollieren (Jugendschutzgesetz) <\/p>\n\n\n\n<p><strong>\u00a76 Zahlungsbedingungen<\/strong><\/p>\n\n\n\n<p>a) Zahlungen von Honorare im Rahmen eines Veranstaltungsvertrages, werden bei Rechnungstellung f\u00e4llig. Alle Zahlungen sind ausschlie\u00dflich durch Bank\u00fcberweisung auf das Gesch\u00e4ftskonto von <em>Whisky &amp; Cigar Ambassador by Dirk James Vetter<\/em> m\u00f6glich.<\/p>\n\n\n\n<p>b) Zahlungen von Einzelbuchungen f\u00fcr Tastings m\u00fcssen im Vorfeld des Tastings zur G\u00e4nze beglichen werden. Dies geschieht durch PayPal oder Bank\u00fcberweisung auf das Gesch\u00e4ftskonto von <em>Whisky &amp; Cigar Ambassador by Dirk James Vetter<\/em>.<\/p>\n\n\n\n<p>c) Zahlungen sind in EURO zu leisten. Bitcoins und\nandere virtuelle Zahlungsmittel werden nicht akzeptiert. Ebenfalls\nausgeschlossen sind Barzahlungen am jeweiligen Veranstaltungstag. <\/p>\n\n\n\n<p><strong>\u00a77 Stornierung [Ticketr\u00fcckgabe]<\/strong><\/p>\n\n\n\n<p>a) F\u00fcr die Stornierung von Veranstaltungen gelten die\nim jeweiligen Vertrag festgelegten Stornierungsbedingungen.<\/p>\n\n\n\n<p>b) F\u00fcr Einzelbuchungen von Tastings gelten die\nfolgenden Stornierungsbedingungen:<br>\nbis 15 Tage vor Tasting 25% Stornogeb\u00fchr<br>\nab 14 Tage vor Tasting 50% Stornogeb\u00fchr<br>\nab 7 Tage vor Tasting 75% Stornogeb\u00fchr<br>\nab 48 Stunden vor Tasting 100 Stornogeb\u00fchr<\/p>\n\n\n\n<p>c) Jedem Teilnehmer einer Einzelbuchung steht es frei, einen vollj\u00e4hrigen Ersatzteilnehmer zu stellen. F\u00fcr nicht in Anspruch genommene Tickets oder vers\u00e4umte Termine (durch kundenseitiges Vers\u00e4umen) werden keine Erstattungen gew\u00e4hrleistet. Dies gilt auch im Krankheitsfalle, sowie im Falle h\u00f6herer Gewalt.<\/p>\n\n\n\n<p>d) Sollte aus wichtigem Grund seitens <em>Whisky &amp; Cigar Ambassador by Dirk James Vetter<\/em> ein Tasting abgesagt werden, so wird der Teilnehmerbetrag in voller H\u00f6he erstattet, bzw ein Gutschein zur Buchung eines anderen Tastings ausgestellt.<\/p>\n\n\n\n<p><strong>\u00a78 Teilnehmerpflichten &amp; Jugendschutz<\/strong><\/p>\n\n\n\n<p>Alle Leistungen und Dienste (speziell alle Tastings)\nvon <em>Whisky &amp; Cigar Ambassador by Dirk James Vetter<\/em>\nbefassen sich mit dem Genuss hochprozentiger Spirituosen und edler Zigarren\n(Tabakwaren), daher sind Personen unter 18 nicht zu den Veranstaltungen\nzugelassen!! Des Weiteren sind die Teilnehmer aller Tastings dazu angehalten\nselbstst\u00e4ndig und allein ihre gesundheitliche Situation im Hinblick auf den\nGenuss von Spirituosen \/ Tabakwaren einzusch\u00e4tzen. <em>Whisky &amp; Cigar Ambassador\nby Dirk James Vetter<\/em> weist ausdr\u00fccklich darauf hin, dass\nMedikamenteneinnahme vor, w\u00e4hrend oder nach den Veranstaltungen zu erheblichen\ngesundheitlichen Risiken f\u00fchren kann. N\u00e4heres entnehmen Sie bitte dem\njeweiligen Beipackzettel des Medikaments. <em>Whisky &amp; Cigar Ambassador\nby Dirk James Vetter<\/em> beh\u00e4lt sich im \u00fcbrigen jederzeit vor, einen\nTeilnehmer, welcher durch unangemessenes Verhalten das Gelingen der\nVeranstaltung nachhaltig gef\u00e4hrdet, vom weiterem Verlauf der auszuschlie\u00dfen.\nEine Erstattung des Teilnehmerbetrages ist in diese Fall ausgeschlossen.<\/p>\n\n\n\n<p><strong>\u00a79 Veranstalterpflichten<\/strong><\/p>\n\n\n\n<p>a) F\u00fcr alle Veranstaltungen die von <em>Whisky &amp; Cigar Ambassador by Dirk James Vetter<\/em> direkt organisiert und moderiert werden gilt als Erf\u00fcllungsort der Ort der Veranstaltung. <em>Whisky &amp; Cigar Ambassador by Dirk James Vetter<\/em> \u00fcbernimmt hierbei nur Haftungen aus dem jeweils gebuchten Tasting, f\u00fcr An-\/Abreise sind alle Teilnehmer eigenverantwortlich.<\/p>\n\n\n\n<p>b) Alle Veranstalter, welche <em>Whisky &amp; Cigar Ambassador by Dirk James Vetter<\/em> als\nFachreferenten gebucht haben, gilt die Gew\u00e4hrleistung einer hygienebewussten\nToilettenbenutzung. Sollte der Veranstaltungsort nicht \u00f6ffentliche zug\u00e4nglich\nsein, so hat der Veranstalter den ungehinderten und kostenfreien Zutritt f\u00fcr <em>Whisky &amp; Cigar Ambassador by Dirk James Vetter<\/em> zu\ngew\u00e4hrleisten. Ebenfalls tr\u00e4gt der Veranstalter die Pflicht, das die\nR\u00e4umlichkeiten f\u00fcr die Veranstaltung reserviert und frei sind. Weitere\nVereinbarungen sind in den jeweiligen Veranstaltungsvertr\u00e4gen schriftlich\ngeregelt.<\/p>\n\n\n\n<p><strong>\u00a710 Haftung<\/strong><\/p>\n\n\n\n<p>Vorbehaltlich der nachfolgenden Regelungen haftet <em>Whisky &amp; Cigar Ambassador by Dirk James Vetter<\/em>\nnicht \u2013 egal aus welchem Rechtsanspruch \u2013 f\u00fcr die leicht fahrl\u00e4ssige Verletzung\nvon Pflichten durch <em>Whisky &amp; Cigar Ambassador by Dirk James\nVetter<\/em>, dessen gesetzlichen Vertretern oder Erf\u00fcllungsgehilfen. Bei\nleicht fahrl\u00e4ssiger Verletzung von Kardinalpflichten beschr\u00e4nkt sich die\nHaftung von <em>Whisky &amp; Cigar Ambassador by Dirk James Vetter<\/em> der\nH\u00f6he nach auf den typischen vorhersehbaren Schaden. F\u00fcr leicht fahrl\u00e4ssig\nverursachte Pflichtverletzungen oder f\u00fcr leicht fahrl\u00e4ssig verursachte\nSchutzpflichtverletzungen haftet <em>Whisky &amp; Cigar Ambassador\nby Dirk James Vetter<\/em> nicht. Die vorstehenden Haftungsausschl\u00fcsse und\nHaftungsbeschr\u00e4nkungen gelten nicht in F\u00e4llen der verschuldungsunabh\u00e4ngigen\nHaftung, insbesondere nach dem Produkthaftungsgesetz, bei verschuldeten K\u00f6rper-\nund Gesundheitssch\u00e4den oder Verlust des Lebens.<\/p>\n\n\n\n<p><strong>\u00a711 Verzug<\/strong><\/p>\n\n\n\n<p>Nach Rechnungstellung kommt der Veranstalter nach 10 Tagen automatisch in den Zahlungsverzug und <em>Whisky &amp; Cigar Ambassador by Dirk James Vetter<\/em> ist berechtigt, Verzugszinsen in H\u00f6he von 5 % \u00fcber den Basiszinssatz p. a. zu fordern. Kann <em>Whisky &amp; Cigar Ambassador by Dirk James Vetter<\/em> einen h\u00f6heren Verzugsschaden nachweisen, so wird dieser geltend gemacht. F\u00fcr jede Mahnung wird eine Bearbeitungsgeb\u00fchr in H\u00f6he von 5.- \u20ac netto berechnet. Sollte nach der dritten Mahnung keine Zahlung erfolgen, so wird Seitens <em>Whisky &amp; Cigar Ambassador by Dirk James Vetter<\/em> das gerichtliche Mahnverfahren eingeleitet. Des Weiteren beh\u00e4lt sich <em>Whisky &amp; Cigar Ambassador by Dirk James Vetter<\/em> das Recht vor die vom Veranstalter geplante Veranstaltung nicht durchzuf\u00fchren und auf Schadensersatz zu klagen.<\/p>\n\n\n\n<p><strong>\u00a712 Datenschutz<\/strong><\/p>\n\n\n\n<p>Alle Leistungen und Dienste von <em>Whisky &amp; Cigar Ambassador by Dirk James Vetter<\/em> unterliegen der aktuellen DSGVO. Diese k\u00f6nnen auf dieser Webseite<a href=\"https:\/\/whisky-cigar-ambassador.de\/?page_id=39\"> <\/a><a href=\"https:\/\/whisky-cigar-ambassador.de\/?page_id=237\">www.whisky-cigar-ambassador.de<\/a><a href=\"https:\/\/whisky-cigar-ambassador.de\/?page_id=39\"> <\/a>unter dem Titel Datenschutz nachgelesen werden.<\/p>\n\n\n\n<p><strong>\u00a712 Schlussbestimmungen<\/strong><\/p>\n\n\n\n<p>Erf\u00fcllungsort aller Veranstaltungsvertr\u00e4ge ist f\u00fcr <em>Whisky &amp; Cigar Ambassador by Dirk James Vetter<\/em> und\nden Veranstalter der im Vertrag benannte Veranstaltungsort. Gerichtsstand f\u00fcr\nalle vertraglichen Klagen und Belange ist Darmstadt. Alle Vertr\u00e4ge unterliegen\ngeltendem deutschen Recht unter Ausschluss des UN-Kaufrechtes mit\nEinschr\u00e4nkung, dass dem nicht zwingende, gesetzliche Bestimmungen nach dieser\nVereinbarung ganz oder teilweise unwirksam sein oder werden oder sollte sich in\nder Vereinbarung eine L\u00fccke befinden, so soll hierdurch die G\u00fcltigkeit der\n\u00fcbrigen Bestimmungen nicht ber\u00fchrt werden. Anstelle der unwirksamen Bestimmung\ntreten, die soweit rechtlich m\u00f6glich, dem beabsichtigen wirtschaftlichen Zweck\nam N\u00e4chsten kommt<\/p>\n","protected":false},"excerpt":{"rendered":"<p>Buchungs- &amp; Gesch\u00e4ftsbedingungen \u00a71 Allgemeines Die Leistungen und Angebote von Whisky &amp; Cigar Ambassador by Dirk James Vetter erfolgen ausschlie\u00dflich auf Grundlage dieser Bedingungen. Diese gelten somit auch f\u00fcr alle k\u00fcnftigen Gesch\u00e4ftsbeziehungen , auch wenn sie nicht nochmals ausdr\u00fccklich vereinbart werden. Die \u201cAllgemeinen Gesch\u00e4ftsbedingungen\u201d gelten mit der Abgabe eines Angebotes durch Whisky &amp; Cigar Ambassador [&hellip;]<\/p>\n","protected":false},"author":1,"featured_media":0,"parent":0,"menu_order":0,"comment_status":"closed","ping_status":"closed","template":"","meta":{"footnotes":""},"class_list":["post-249","page","type-page","status-publish","hentry"],"_links":{"self":[{"href":"https:\/\/whisky-cigar-ambassador.de\/index.php?rest_route=\/wp\/v2\/pages\/249","targetHints":{"allow":["GET"]}}],"collection":[{"href":"https:\/\/whisky-cigar-ambassador.de\/index.php?rest_route=\/wp\/v2\/pages"}],"about":[{"href":"https:\/\/whisky-cigar-ambassador.de\/index.php?rest_route=\/wp\/v2\/types\/page"}],"author":[{"embeddable":true,"href":"https:\/\/whisky-cigar-ambassador.de\/index.php?rest_route=\/wp\/v2\/users\/1"}],"replies":[{"embeddable":true,"href":"https:\/\/whisky-cigar-ambassador.de\/index.php?rest_route=%2Fwp%2Fv2%2Fcomments&post=249"}],"version-history":[{"count":8,"href":"https:\/\/whisky-cigar-ambassador.de\/index.php?rest_route=\/wp\/v2\/pages\/249\/revisions"}],"predecessor-version":[{"id":1133,"href":"https:\/\/whisky-cigar-ambassador.de\/index.php?rest_route=\/wp\/v2\/pages\/249\/revisions\/1133"}],"wp:attachment":[{"href":"https:\/\/whisky-cigar-ambassador.de\/index.php?rest_route=%2Fwp%2Fv2%2Fmedia&parent=249"}],"curies":[{"name":"wp","href":"https:\/\/api.w.org\/{rel}","templated":true}]}}